{"id":2,"date":"2025-04-01T06:24:30","date_gmt":"2025-04-01T06:24:30","guid":{"rendered":"https:\/\/massomam.com\/?page_id=2"},"modified":"2025-05-02T18:11:56","modified_gmt":"2025-05-02T18:11:56","slug":"sample-page","status":"publish","type":"page","link":"https:\/\/massomam.com\/en\/","title":{"rendered":"Accueil &#8211; Masso Mam"},"content":{"rendered":"","protected":false},"excerpt":{"rendered":"<p>Marie-Andr\u00e9e Maltais met son expertise au service de votre mieux-\u00eatre, en combinant techniques avanc\u00e9es, \u00e9coute attentive et respect du rythme de chacun. Que ce soit pour soulager des tensions, am\u00e9liorer votre mobilit\u00e9 ou simplement prendre un moment pour vous, vous \u00eates entre de bonnes mains.<\/p>","protected":false},"author":1,"featured_media":56,"parent":0,"menu_order":0,"comment_status":"closed","ping_status":"open","template":"","meta":{"footnotes":""},"class_list":["post-2","page","type-page","status-publish","has-post-thumbnail","hentry"],"_links":{"self":[{"href":"https:\/\/massomam.com\/en\/wp-json\/wp\/v2\/pages\/2","targetHints":{"allow":["GET"]}}],"collection":[{"href":"https:\/\/massomam.com\/en\/wp-json\/wp\/v2\/pages"}],"about":[{"href":"https:\/\/massomam.com\/en\/wp-json\/wp\/v2\/types\/page"}],"author":[{"embeddable":true,"href":"https:\/\/massomam.com\/en\/wp-json\/wp\/v2\/users\/1"}],"replies":[{"embeddable":true,"href":"https:\/\/massomam.com\/en\/wp-json\/wp\/v2\/comments?post=2"}],"version-history":[{"count":26,"href":"https:\/\/massomam.com\/en\/wp-json\/wp\/v2\/pages\/2\/revisions"}],"predecessor-version":[{"id":345,"href":"https:\/\/massomam.com\/en\/wp-json\/wp\/v2\/pages\/2\/revisions\/345"}],"wp:featuredmedia":[{"embeddable":true,"href":"https:\/\/massomam.com\/en\/wp-json\/wp\/v2\/media\/56"}],"wp:attachment":[{"href":"https:\/\/massomam.com\/en\/wp-json\/wp\/v2\/media?parent=2"}],"curies":[{"name":"wp","href":"https:\/\/api.w.org\/{rel}","templated":true}]}}