{"id":168,"date":"2025-04-23T16:00:51","date_gmt":"2025-04-23T16:00:51","guid":{"rendered":"https:\/\/massomam.com\/?page_id=168"},"modified":"2025-04-30T18:21:32","modified_gmt":"2025-04-30T18:21:32","slug":"services","status":"publish","type":"page","link":"https:\/\/massomam.com\/en\/services\/","title":{"rendered":"Services"},"content":{"rendered":"","protected":false},"excerpt":{"rendered":"<p>Des soins adapt\u00e9s \u00e0 vos besoins<br \/>\nDouleurs, fatigue, tensions ou besoin de l\u00e2cher-prise? Chaque massage est personnalis\u00e9, combinant des techniques efficaces comme le massage th\u00e9rapeutique, les trigger points, le drainage lymphatique ou le Gua Sha.<\/p>\n<p>Prenez soin de vous, en toute confiance.<\/p>","protected":false},"author":1,"featured_media":81,"parent":0,"menu_order":0,"comment_status":"closed","ping_status":"closed","template":"","meta":{"footnotes":""},"class_list":["post-168","page","type-page","status-publish","has-post-thumbnail","hentry"],"_links":{"self":[{"href":"https:\/\/massomam.com\/en\/wp-json\/wp\/v2\/pages\/168","targetHints":{"allow":["GET"]}}],"collection":[{"href":"https:\/\/massomam.com\/en\/wp-json\/wp\/v2\/pages"}],"about":[{"href":"https:\/\/massomam.com\/en\/wp-json\/wp\/v2\/types\/page"}],"author":[{"embeddable":true,"href":"https:\/\/massomam.com\/en\/wp-json\/wp\/v2\/users\/1"}],"replies":[{"embeddable":true,"href":"https:\/\/massomam.com\/en\/wp-json\/wp\/v2\/comments?post=168"}],"version-history":[{"count":9,"href":"https:\/\/massomam.com\/en\/wp-json\/wp\/v2\/pages\/168\/revisions"}],"predecessor-version":[{"id":312,"href":"https:\/\/massomam.com\/en\/wp-json\/wp\/v2\/pages\/168\/revisions\/312"}],"wp:featuredmedia":[{"embeddable":true,"href":"https:\/\/massomam.com\/en\/wp-json\/wp\/v2\/media\/81"}],"wp:attachment":[{"href":"https:\/\/massomam.com\/en\/wp-json\/wp\/v2\/media?parent=168"}],"curies":[{"name":"wp","href":"https:\/\/api.w.org\/{rel}","templated":true}]}}