{"id":154,"date":"2025-04-23T16:00:44","date_gmt":"2025-04-23T16:00:44","guid":{"rendered":"https:\/\/massomam.com\/?page_id=154"},"modified":"2026-02-24T17:02:57","modified_gmt":"2026-02-24T17:02:57","slug":"a-propos","status":"publish","type":"page","link":"https:\/\/massomam.com\/en\/a-propos\/","title":{"rendered":"\u00c0 propos"},"content":{"rendered":"","protected":false},"excerpt":{"rendered":"<p>Fondatrice de MAM Massoth\u00e9rapie, Marie-Andr\u00e9e est reconnue pour son expertise, sa bienveillance et son approche centr\u00e9e sur la personne. Avec plusieurs ann\u00e9es d\u2019exp\u00e9rience et deux m\u00e9dailles d\u2019or au Championnat canadien de massage, elle offre des soins qui vont au-del\u00e0 du soulagement des tensions. Sa pratique repose sur l\u2019\u00e9coute, la pr\u00e9cision des gestes et une volont\u00e9 sinc\u00e8re d\u2019aider chaque client \u00e0 retrouver \u00e9quilibre, confort et vitalit\u00e9. Que ce soit pour accompagner la r\u00e9cup\u00e9ration physique ou offrir un moment de profonde d\u00e9tente, Marie-Andr\u00e9e adapte chaque s\u00e9ance avec justesse et attention.<\/p>","protected":false},"author":1,"featured_media":125,"parent":0,"menu_order":0,"comment_status":"closed","ping_status":"closed","template":"","meta":{"footnotes":""},"class_list":["post-154","page","type-page","status-publish","has-post-thumbnail","hentry"],"_links":{"self":[{"href":"https:\/\/massomam.com\/en\/wp-json\/wp\/v2\/pages\/154","targetHints":{"allow":["GET"]}}],"collection":[{"href":"https:\/\/massomam.com\/en\/wp-json\/wp\/v2\/pages"}],"about":[{"href":"https:\/\/massomam.com\/en\/wp-json\/wp\/v2\/types\/page"}],"author":[{"embeddable":true,"href":"https:\/\/massomam.com\/en\/wp-json\/wp\/v2\/users\/1"}],"replies":[{"embeddable":true,"href":"https:\/\/massomam.com\/en\/wp-json\/wp\/v2\/comments?post=154"}],"version-history":[{"count":37,"href":"https:\/\/massomam.com\/en\/wp-json\/wp\/v2\/pages\/154\/revisions"}],"predecessor-version":[{"id":406,"href":"https:\/\/massomam.com\/en\/wp-json\/wp\/v2\/pages\/154\/revisions\/406"}],"wp:featuredmedia":[{"embeddable":true,"href":"https:\/\/massomam.com\/en\/wp-json\/wp\/v2\/media\/125"}],"wp:attachment":[{"href":"https:\/\/massomam.com\/en\/wp-json\/wp\/v2\/media?parent=154"}],"curies":[{"name":"wp","href":"https:\/\/api.w.org\/{rel}","templated":true}]}}