{"id":118,"date":"2025-04-16T16:32:09","date_gmt":"2025-04-16T16:32:09","guid":{"rendered":"https:\/\/massomam.com\/?page_id=118"},"modified":"2025-11-12T17:48:39","modified_gmt":"2025-11-12T17:48:39","slug":"formation","status":"publish","type":"page","link":"https:\/\/massomam.com\/en\/formation\/","title":{"rendered":"Formation"},"content":{"rendered":"","protected":false},"excerpt":{"rendered":"<p>Partage d\u2019expertise, techniques concr\u00e8tes et accompagnement personnalis\u00e9 : Marie-Andr\u00e9e propose des formations ax\u00e9es sur la pratique, pour les massoth\u00e9rapeutes qui souhaitent enrichir leurs comp\u00e9tences et offrir des soins encore plus efficaces.<\/p>\n<p>Apprenez, progressez, inspirez confiance.<\/p>","protected":false},"author":1,"featured_media":126,"parent":0,"menu_order":0,"comment_status":"closed","ping_status":"closed","template":"","meta":{"footnotes":""},"class_list":["post-118","page","type-page","status-publish","has-post-thumbnail","hentry"],"_links":{"self":[{"href":"https:\/\/massomam.com\/en\/wp-json\/wp\/v2\/pages\/118","targetHints":{"allow":["GET"]}}],"collection":[{"href":"https:\/\/massomam.com\/en\/wp-json\/wp\/v2\/pages"}],"about":[{"href":"https:\/\/massomam.com\/en\/wp-json\/wp\/v2\/types\/page"}],"author":[{"embeddable":true,"href":"https:\/\/massomam.com\/en\/wp-json\/wp\/v2\/users\/1"}],"replies":[{"embeddable":true,"href":"https:\/\/massomam.com\/en\/wp-json\/wp\/v2\/comments?post=118"}],"version-history":[{"count":24,"href":"https:\/\/massomam.com\/en\/wp-json\/wp\/v2\/pages\/118\/revisions"}],"predecessor-version":[{"id":392,"href":"https:\/\/massomam.com\/en\/wp-json\/wp\/v2\/pages\/118\/revisions\/392"}],"wp:featuredmedia":[{"embeddable":true,"href":"https:\/\/massomam.com\/en\/wp-json\/wp\/v2\/media\/126"}],"wp:attachment":[{"href":"https:\/\/massomam.com\/en\/wp-json\/wp\/v2\/media?parent=118"}],"curies":[{"name":"wp","href":"https:\/\/api.w.org\/{rel}","templated":true}]}}