{"id":109,"date":"2025-04-16T15:28:33","date_gmt":"2025-04-16T15:28:33","guid":{"rendered":"https:\/\/massomam.com\/?page_id=109"},"modified":"2025-04-28T15:31:30","modified_gmt":"2025-04-28T15:31:30","slug":"contact","status":"publish","type":"page","link":"https:\/\/massomam.com\/en\/contact\/","title":{"rendered":"Contact"},"content":{"rendered":"","protected":false},"excerpt":{"rendered":"<p>Vous avez des questions ou souhaitez prendre rendez-vous? Il nous fera plaisir de vous r\u00e9pondre.<\/p>\n<p>\ud83d\udccd Le studio est situ\u00e9 sur la Rive-Nord de Montr\u00e9al, dans un espace calme et accueillant, pens\u00e9 pour votre bien-\u00eatre.<br \/>\n\ud83d\udcc5 Les s\u00e9ances se font uniquement sur rendez-vous.<br \/>\n\ud83d\udcde Pour toute demande, vous pouvez nous joindre par t\u00e9l\u00e9phone, courriel ou via le formulaire ci-dessous.<\/p>\n<p>Prenez un moment pour vous \u2014 on s\u2019occupe du reste.<\/p>","protected":false},"author":1,"featured_media":138,"parent":0,"menu_order":0,"comment_status":"closed","ping_status":"closed","template":"","meta":{"footnotes":""},"class_list":["post-109","page","type-page","status-publish","has-post-thumbnail","hentry"],"_links":{"self":[{"href":"https:\/\/massomam.com\/en\/wp-json\/wp\/v2\/pages\/109","targetHints":{"allow":["GET"]}}],"collection":[{"href":"https:\/\/massomam.com\/en\/wp-json\/wp\/v2\/pages"}],"about":[{"href":"https:\/\/massomam.com\/en\/wp-json\/wp\/v2\/types\/page"}],"author":[{"embeddable":true,"href":"https:\/\/massomam.com\/en\/wp-json\/wp\/v2\/users\/1"}],"replies":[{"embeddable":true,"href":"https:\/\/massomam.com\/en\/wp-json\/wp\/v2\/comments?post=109"}],"version-history":[{"count":9,"href":"https:\/\/massomam.com\/en\/wp-json\/wp\/v2\/pages\/109\/revisions"}],"predecessor-version":[{"id":293,"href":"https:\/\/massomam.com\/en\/wp-json\/wp\/v2\/pages\/109\/revisions\/293"}],"wp:featuredmedia":[{"embeddable":true,"href":"https:\/\/massomam.com\/en\/wp-json\/wp\/v2\/media\/138"}],"wp:attachment":[{"href":"https:\/\/massomam.com\/en\/wp-json\/wp\/v2\/media?parent=109"}],"curies":[{"name":"wp","href":"https:\/\/api.w.org\/{rel}","templated":true}]}}